{"id":873,"date":"2022-05-16T14:44:34","date_gmt":"2022-05-16T14:44:34","guid":{"rendered":"https:\/\/projetoimpar.eu\/?page_id=873"},"modified":"2025-07-23T08:30:34","modified_gmt":"2025-07-23T08:30:34","slug":"results","status":"publish","type":"page","link":"https:\/\/projetoimpar.eu\/en\/results\/","title":{"rendered":"Results"},"content":{"rendered":"<div data-elementor-type=\"wp-page\" data-elementor-id=\"873\" class=\"elementor elementor-873\">\n\t\t\t\t\t\t<section class=\"elementor-section elementor-top-section elementor-element elementor-element-06aecf6 elementor-section-boxed elementor-section-height-default elementor-section-height-default wpr-particle-no wpr-jarallax-no wpr-parallax-no wpr-sticky-section-no wpr-equal-height-no\" data-id=\"06aecf6\" data-element_type=\"section\" data-e-type=\"section\">\n\t\t\t\t\t\t<div class=\"elementor-container elementor-column-gap-no\">\n\t\t\t\t\t<div class=\"elementor-column elementor-col-100 elementor-top-column elementor-element elementor-element-da2720e\" data-id=\"da2720e\" data-element_type=\"column\" data-e-type=\"column\">\n\t\t\t<div class=\"elementor-widget-wrap elementor-element-populated\">\n\t\t\t\t\t\t<div class=\"elementor-element elementor-element-0d1df5c elementor-widget elementor-widget-heading\" data-id=\"0d1df5c\" data-element_type=\"widget\" data-e-type=\"widget\" data-widget_type=\"heading.default\">\n\t\t\t\t<div class=\"elementor-widget-container\">\n\t\t\t\t\t<h2 class=\"elementor-heading-title elementor-size-default\">RESULTS<\/h2>\t\t\t\t<\/div>\n\t\t\t\t<\/div>\n\t\t\t\t\t<\/div>\n\t\t<\/div>\n\t\t\t\t\t<\/div>\n\t\t<\/section>\n\t\t<div class=\"elementor-element elementor-element-50da3b2 e-flex e-con-boxed wpr-particle-no wpr-jarallax-no wpr-parallax-no wpr-sticky-section-no wpr-equal-height-no e-con e-parent\" data-id=\"50da3b2\" data-element_type=\"container\" data-e-type=\"container\">\n\t\t\t\t\t<div class=\"e-con-inner\">\n\t\t\t\t<div class=\"elementor-element elementor-element-acbee3e e-n-tabs-mobile elementor-widget elementor-widget-n-tabs\" data-id=\"acbee3e\" data-element_type=\"widget\" data-e-type=\"widget\" data-settings=\"{&quot;tabs_justify_horizontal&quot;:&quot;start&quot;,&quot;horizontal_scroll&quot;:&quot;disable&quot;}\" data-widget_type=\"nested-tabs.default\">\n\t\t\t\t<div class=\"elementor-widget-container\">\n\t\t\t\t\t\t\t<div class=\"e-n-tabs\" data-widget-number=\"181136958\" aria-label=\"Tabs. Open items with Enter or Space, close with Escape and navigate using the Arrow keys.\">\n\t\t\t<div class=\"e-n-tabs-heading\" role=\"tablist\">\n\t\t\t\t\t<button id=\"e-n-tab-title-1811369581\" data-tab-title-id=\"e-n-tab-title-1811369581\" class=\"e-n-tab-title\" aria-selected=\"true\" data-tab-index=\"1\" role=\"tab\" tabindex=\"0\" aria-controls=\"e-n-tab-content-1811369581\" style=\"--n-tabs-title-order: 1;\">\n\t\t\t\t\t\t<span class=\"e-n-tab-title-text\">\n\t\t\t\t1\t\t\t<\/span>\n\t\t<\/button>\n\t\t\t\t\t<\/div>\n\t\t\t<div class=\"e-n-tabs-content\">\n\t\t\t\t<div id=\"e-n-tab-content-1811369581\" role=\"tabpanel\" aria-labelledby=\"e-n-tab-title-1811369581\" data-tab-index=\"1\" style=\"--n-tabs-title-order: 1;\" class=\"e-active elementor-element elementor-element-9ab2ece e-con-full e-flex wpr-particle-no wpr-jarallax-no wpr-parallax-no wpr-sticky-section-no wpr-equal-height-no e-con e-child\" data-id=\"9ab2ece\" data-element_type=\"container\" data-e-type=\"container\">\n\t\t\t\t<div class=\"elementor-element elementor-element-8623615 elementor-widget__width-initial elementor-widget elementor-widget-text-editor\" data-id=\"8623615\" data-element_type=\"widget\" data-e-type=\"widget\" data-widget_type=\"text-editor.default\">\n\t\t\t\t<div class=\"elementor-widget-container\">\n\t\t\t\t\t\t\t\t\t<p>O presente documento apresenta em detalhe o Quadro de Refer\u00eancia IMPAR indicando os n\u00edveis inicial e interm\u00e9dio de conhecimentos, aptid\u00f5es e capacidades, organizados de acordo com o seu \u00e2mbito\/dom\u00ednio, necess\u00e1rios para fomentar as compet\u00eancias de empreendedorismo social junto de jovens do sexo feminino:<\/p>\t\t\t\t\t\t\t\t<\/div>\n\t\t\t\t<\/div>\n\t\t\t\t<div class=\"elementor-element elementor-element-6948686 elementor-widget elementor-widget-wp-widget-block\" data-id=\"6948686\" data-element_type=\"widget\" data-e-type=\"widget\" data-widget_type=\"wp-widget-block.default\">\n\t\t\t\t<div class=\"elementor-widget-container\">\n\t\t\t\t\t<div><iframe class=\"embed-pdf-viewer\" src=\"https:\/\/projetoimpar.eu\/wp-content\/uploads\/2024\/11\/D2_1_Educacao-para-o-Empreendedorismo-Social-no-Feminino_A-Abordagem-da-Iniciativa-IMPAR.pdf\" height=\"750\" width=\"100%\" title=\"D2 1 Educa\u00e7\u00e3o Para O Empreendedorismo Social No Feminino A Abordagem Da Iniciativa IMPAR\"><\/iframe>\n<p><a href=\"https:\/\/projetoimpar.eu\/wp-content\/uploads\/2024\/11\/D2_1_Educacao-para-o-Empreendedorismo-Social-no-Feminino_A-Abordagem-da-Iniciativa-IMPAR.pdf\" title=\"D2 1 Educa\u00e7\u00e3o Para O Empreendedorismo Social No Feminino A Abordagem Da Iniciativa IMPAR\">D2 1 Educa\u00e7\u00e3o Para O Empreendedorismo Social No Feminino A Abordagem Da Iniciativa IMPAR<\/a><\/p><\/div>\t\t\t\t<\/div>\n\t\t\t\t<\/div>\n\t\t\t\t<\/div>\n\t\t\t\t\t<\/div>\n\t\t<\/div>\n\t\t\t\t\t\t<\/div>\n\t\t\t\t<\/div>\n\t\t\t\t\t<\/div>\n\t\t\t\t<\/div>\n\t\t\t\t<\/div>","protected":false},"excerpt":{"rendered":"<p>RESULTADOS 1 O presente documento apresenta em detalhe o Quadro de Refer\u00eancia IMPAR indicando os n\u00edveis inicial e interm\u00e9dio de conhecimentos, aptid\u00f5es e capacidades, organizados de acordo com o seu \u00e2mbito\/dom\u00ednio, necess\u00e1rios para fomentar as compet\u00eancias de empreendedorismo social junto de jovens do sexo feminino: D2 1 Educa\u00e7\u00e3o Para O Empreendedorismo Social No Feminino A Abordagem Da Iniciativa IMPAR O presente documento apresenta em detalhe o Quadro de Refer\u00eancia IMPAR indicando os n\u00edveis inicial e interm\u00e9dio de conhecimentos, aptid\u00f5es e capacidades, organizados de acordo com o seu \u00e2mbito\/dom\u00ednio, necess\u00e1rios para fomentar as compet\u00eancias de empreendedorismo social junto de jovens do sexo feminino:<\/p>","protected":false},"author":8,"featured_media":0,"parent":0,"menu_order":0,"comment_status":"closed","ping_status":"closed","template":"","meta":{"site-sidebar-layout":"no-sidebar","site-content-layout":"page-builder","ast-site-content-layout":"default","site-content-style":"default","site-sidebar-style":"default","ast-global-header-display":"","ast-banner-title-visibility":"","ast-main-header-display":"","ast-hfb-above-header-display":"","ast-hfb-below-header-display":"","ast-hfb-mobile-header-display":"","site-post-title":"disabled","ast-breadcrumbs-content":"","ast-featured-img":"disabled","footer-sml-layout":"","ast-disable-related-posts":"","theme-transparent-header-meta":"","adv-header-id-meta":"","stick-header-meta":"","header-above-stick-meta":"","header-main-stick-meta":"","header-below-stick-meta":"","astra-migrate-meta-layouts":"default","ast-page-background-enabled":"default","ast-page-background-meta":{"desktop":{"background-color":"","background-image":"","background-repeat":"repeat","background-position":"center center","background-size":"auto","background-attachment":"scroll","background-type":"","background-media":"","overlay-type":"","overlay-color":"","overlay-opacity":"","overlay-gradient":""},"tablet":{"background-color":"","background-image":"","background-repeat":"repeat","background-position":"center center","background-size":"auto","background-attachment":"scroll","background-type":"","background-media":"","overlay-type":"","overlay-color":"","overlay-opacity":"","overlay-gradient":""},"mobile":{"background-color":"","background-image":"","background-repeat":"repeat","background-position":"center center","background-size":"auto","background-attachment":"scroll","background-type":"","background-media":"","overlay-type":"","overlay-color":"","overlay-opacity":"","overlay-gradient":""}},"ast-content-background-meta":{"desktop":{"background-color":"var(--ast-global-color-5)","background-image":"","background-repeat":"repeat","background-position":"center center","background-size":"auto","background-attachment":"scroll","background-type":"","background-media":"","overlay-type":"","overlay-color":"","overlay-opacity":"","overlay-gradient":""},"tablet":{"background-color":"var(--ast-global-color-5)","background-image":"","background-repeat":"repeat","background-position":"center center","background-size":"auto","background-attachment":"scroll","background-type":"","background-media":"","overlay-type":"","overlay-color":"","overlay-opacity":"","overlay-gradient":""},"mobile":{"background-color":"var(--ast-global-color-5)","background-image":"","background-repeat":"repeat","background-position":"center center","background-size":"auto","background-attachment":"scroll","background-type":"","background-media":"","overlay-type":"","overlay-color":"","overlay-opacity":"","overlay-gradient":""}},"footnotes":""},"class_list":["post-873","page","type-page","status-publish","hentry"],"_links":{"self":[{"href":"https:\/\/projetoimpar.eu\/en\/wp-json\/wp\/v2\/pages\/873","targetHints":{"allow":["GET"]}}],"collection":[{"href":"https:\/\/projetoimpar.eu\/en\/wp-json\/wp\/v2\/pages"}],"about":[{"href":"https:\/\/projetoimpar.eu\/en\/wp-json\/wp\/v2\/types\/page"}],"author":[{"embeddable":true,"href":"https:\/\/projetoimpar.eu\/en\/wp-json\/wp\/v2\/users\/8"}],"replies":[{"embeddable":true,"href":"https:\/\/projetoimpar.eu\/en\/wp-json\/wp\/v2\/comments?post=873"}],"version-history":[{"count":172,"href":"https:\/\/projetoimpar.eu\/en\/wp-json\/wp\/v2\/pages\/873\/revisions"}],"predecessor-version":[{"id":4707,"href":"https:\/\/projetoimpar.eu\/en\/wp-json\/wp\/v2\/pages\/873\/revisions\/4707"}],"wp:attachment":[{"href":"https:\/\/projetoimpar.eu\/en\/wp-json\/wp\/v2\/media?parent=873"}],"curies":[{"name":"wp","href":"https:\/\/api.w.org\/{rel}","templated":true}]}}