{"id":5133,"date":"2025-11-12T13:00:47","date_gmt":"2025-11-12T11:00:47","guid":{"rendered":"https:\/\/projetoimpar.eu\/?page_id=5133"},"modified":"2025-11-12T13:05:30","modified_gmt":"2025-11-12T11:05:30","slug":"formulario-privado-de-criacao-de-noticias","status":"publish","type":"page","link":"https:\/\/projetoimpar.eu\/es\/formulario-privado-de-criacao-de-noticias\/","title":{"rendered":"P\u00c1GINA PRIVADA: CRIA\u00c7\u00c3O DE NOT\u00cdCIAS"},"content":{"rendered":"","protected":true},"excerpt":{"rendered":"","protected":true},"author":8,"featured_media":0,"parent":0,"menu_order":0,"comment_status":"closed","ping_status":"closed","template":"elementor_theme","meta":{"site-sidebar-layout":"default","site-content-layout":"","ast-site-content-layout":"normal-width-container","site-content-style":"boxed","site-sidebar-style":"default","ast-global-header-display":"","ast-banner-title-visibility":"","ast-main-header-display":"","ast-hfb-above-header-display":"","ast-hfb-below-header-display":"","ast-hfb-mobile-header-display":"","site-post-title":"","ast-breadcrumbs-content":"","ast-featured-img":"","footer-sml-layout":"","ast-disable-related-posts":"","theme-transparent-header-meta":"disabled","adv-header-id-meta":"","stick-header-meta":"","header-above-stick-meta":"","header-main-stick-meta":"","header-below-stick-meta":"","astra-migrate-meta-layouts":"set","ast-page-background-enabled":"default","ast-page-background-meta":{"desktop":{"background-color":"","background-image":"","background-repeat":"repeat","background-position":"center center","background-size":"auto","background-attachment":"scroll","background-type":"","background-media":"","overlay-type":"","overlay-color":"","overlay-opacity":"","overlay-gradient":""},"tablet":{"background-color":"","background-image":"","background-repeat":"repeat","background-position":"center center","background-size":"auto","background-attachment":"scroll","background-type":"","background-media":"","overlay-type":"","overlay-color":"","overlay-opacity":"","overlay-gradient":""},"mobile":{"background-color":"","background-image":"","background-repeat":"repeat","background-position":"center center","background-size":"auto","background-attachment":"scroll","background-type":"","background-media":"","overlay-type":"","overlay-color":"","overlay-opacity":"","overlay-gradient":""}},"ast-content-background-meta":{"desktop":{"background-color":"var(--ast-global-color-5)","background-image":"","background-repeat":"repeat","background-position":"center center","background-size":"auto","background-attachment":"scroll","background-type":"","background-media":"","overlay-type":"","overlay-color":"","overlay-opacity":"","overlay-gradient":""},"tablet":{"background-color":"var(--ast-global-color-5)","background-image":"","background-repeat":"repeat","background-position":"center center","background-size":"auto","background-attachment":"scroll","background-type":"","background-media":"","overlay-type":"","overlay-color":"","overlay-opacity":"","overlay-gradient":""},"mobile":{"background-color":"var(--ast-global-color-5)","background-image":"","background-repeat":"repeat","background-position":"center center","background-size":"auto","background-attachment":"scroll","background-type":"","background-media":"","overlay-type":"","overlay-color":"","overlay-opacity":"","overlay-gradient":""}},"footnotes":""},"class_list":["post-5133","page","type-page","status-publish","post-password-required","hentry"],"_links":{"self":[{"href":"https:\/\/projetoimpar.eu\/es\/wp-json\/wp\/v2\/pages\/5133","targetHints":{"allow":["GET"]}}],"collection":[{"href":"https:\/\/projetoimpar.eu\/es\/wp-json\/wp\/v2\/pages"}],"about":[{"href":"https:\/\/projetoimpar.eu\/es\/wp-json\/wp\/v2\/types\/page"}],"author":[{"embeddable":true,"href":"https:\/\/projetoimpar.eu\/es\/wp-json\/wp\/v2\/users\/8"}],"replies":[{"embeddable":true,"href":"https:\/\/projetoimpar.eu\/es\/wp-json\/wp\/v2\/comments?post=5133"}],"version-history":[{"count":2,"href":"https:\/\/projetoimpar.eu\/es\/wp-json\/wp\/v2\/pages\/5133\/revisions"}],"predecessor-version":[{"id":5136,"href":"https:\/\/projetoimpar.eu\/es\/wp-json\/wp\/v2\/pages\/5133\/revisions\/5136"}],"wp:attachment":[{"href":"https:\/\/projetoimpar.eu\/es\/wp-json\/wp\/v2\/media?parent=5133"}],"curies":[{"name":"wp","href":"https:\/\/api.w.org\/{rel}","templated":true}]}}